{"id":1959,"date":"2024-12-09T11:20:58","date_gmt":"2024-12-09T10:20:58","guid":{"rendered":"https:\/\/newforce.pl\/?page_id=1959"},"modified":"2025-04-29T16:41:04","modified_gmt":"2025-04-29T14:41:04","slug":"wycena-enova365","status":"publish","type":"page","link":"https:\/\/newforce.pl\/?page_id=1959","title":{"rendered":"Wycena enova365"},"content":{"rendered":"\t\t<div data-elementor-type=\"wp-page\" data-elementor-id=\"1959\" class=\"elementor elementor-1959\">\n\t\t\t\t<div class=\"elementor-element elementor-element-ca441a0 e-flex e-con-boxed e-con e-parent\" data-id=\"ca441a0\" data-element_type=\"container\">\n\t\t\t\t\t<div class=\"e-con-inner\">\n\t\t<div class=\"elementor-element elementor-element-3c080dd e-grid e-con-full e-con e-child\" data-id=\"3c080dd\" data-element_type=\"container\">\n\t\t<div class=\"elementor-element elementor-element-83ae365 e-con-full e-flex e-con e-child\" data-id=\"83ae365\" data-element_type=\"container\">\n\t\t\t\t<div class=\"elementor-element elementor-element-fa6ea82 elementor-widget elementor-widget-heading\" data-id=\"fa6ea82\" data-element_type=\"widget\" data-widget_type=\"heading.default\">\n\t\t\t\t<div class=\"elementor-widget-container\">\n\t\t\t<style>\/*! elementor - v3.23.0 - 05-08-2024 *\/\n.elementor-heading-title{padding:0;margin:0;line-height:1}.elementor-widget-heading .elementor-heading-title[class*=elementor-size-]>a{color:inherit;font-size:inherit;line-height:inherit}.elementor-widget-heading .elementor-heading-title.elementor-size-small{font-size:15px}.elementor-widget-heading .elementor-heading-title.elementor-size-medium{font-size:19px}.elementor-widget-heading .elementor-heading-title.elementor-size-large{font-size:29px}.elementor-widget-heading .elementor-heading-title.elementor-size-xl{font-size:39px}.elementor-widget-heading .elementor-heading-title.elementor-size-xxl{font-size:59px}<\/style><h2 class=\"elementor-heading-title elementor-size-default\">Uzyskaj bezp\u0142atn\u0105 wycen\u0119 enova365<\/h2>\t\t<\/div>\n\t\t\t\t<\/div>\n\t\t\t\t<div class=\"elementor-element elementor-element-58c1ee4 elementor-widget elementor-widget-text-editor\" data-id=\"58c1ee4\" data-element_type=\"widget\" data-widget_type=\"text-editor.default\">\n\t\t\t\t<div class=\"elementor-widget-container\">\n\t\t\t<style>\/*! elementor - v3.23.0 - 05-08-2024 *\/\n.elementor-widget-text-editor.elementor-drop-cap-view-stacked .elementor-drop-cap{background-color:#69727d;color:#fff}.elementor-widget-text-editor.elementor-drop-cap-view-framed .elementor-drop-cap{color:#69727d;border:3px solid;background-color:transparent}.elementor-widget-text-editor:not(.elementor-drop-cap-view-default) .elementor-drop-cap{margin-top:8px}.elementor-widget-text-editor:not(.elementor-drop-cap-view-default) .elementor-drop-cap-letter{width:1em;height:1em}.elementor-widget-text-editor .elementor-drop-cap{float:left;text-align:center;line-height:1;font-size:50px}.elementor-widget-text-editor .elementor-drop-cap-letter{display:inline-block}<\/style>\t\t\t\t\n<div class=\"wpcf7 no-js\" id=\"wpcf7-f1958-p1959-o1\" lang=\"pl-PL\" dir=\"ltr\">\n<div class=\"screen-reader-response\"><p role=\"status\" aria-live=\"polite\" aria-atomic=\"true\"><\/p> <ul><\/ul><\/div>\n<form action=\"\/?page_id=1959#wpcf7-f1958-p1959-o1\" method=\"post\" class=\"wpcf7-form init\" aria-label=\"Formularz kontaktowy\" novalidate=\"novalidate\" data-status=\"init\">\n<div style=\"display: none;\">\n<input type=\"hidden\" name=\"_wpcf7\" value=\"1958\" \/>\n<input type=\"hidden\" name=\"_wpcf7_version\" value=\"5.9.8\" \/>\n<input type=\"hidden\" name=\"_wpcf7_locale\" value=\"pl_PL\" \/>\n<input type=\"hidden\" name=\"_wpcf7_unit_tag\" value=\"wpcf7-f1958-p1959-o1\" \/>\n<input type=\"hidden\" name=\"_wpcf7_container_post\" value=\"1959\" \/>\n<input type=\"hidden\" name=\"_wpcf7_posted_data_hash\" value=\"\" \/>\n<\/div>\n<p><label> Imi\u0119<br \/>\n<span class=\"wpcf7-form-control-wrap\" data-name=\"your-name\"><input size=\"40\" maxlength=\"400\" class=\"wpcf7-form-control wpcf7-text\" autocomplete=\"name\" aria-invalid=\"false\" value=\"\" type=\"text\" name=\"your-name\" \/><\/span> <\/label>\n<\/p>\n<p><label> Email<br \/>\n<span class=\"wpcf7-form-control-wrap\" data-name=\"your-email\"><input size=\"40\" maxlength=\"400\" class=\"wpcf7-form-control wpcf7-email wpcf7-text wpcf7-validates-as-email\" autocomplete=\"email\" aria-invalid=\"false\" value=\"\" type=\"email\" name=\"your-email\" \/><\/span> <\/label>\n<\/p>\n<p><label> Temat<br \/>\n<span class=\"wpcf7-form-control-wrap\" data-name=\"your-subject\"><input size=\"40\" maxlength=\"400\" class=\"wpcf7-form-control wpcf7-text\" aria-invalid=\"false\" placeholder=\"\" value=\"\" type=\"text\" name=\"your-subject\" \/><\/span> <\/label>\n<\/p>\n<p><label> Wiadomo\u015b\u0107<br \/>\n<span class=\"wpcf7-form-control-wrap\" data-name=\"your-message\"><textarea cols=\"40\" rows=\"10\" maxlength=\"2000\" class=\"wpcf7-form-control wpcf7-textarea\" aria-invalid=\"false\" name=\"your-message\"><\/textarea><\/span> <\/label>\n<\/p>\n<p><input class=\"wpcf7-form-control wpcf7-submit has-spinner\" type=\"submit\" value=\"Wy\u015blij\" \/>\n<\/p><div class=\"wpcf7-response-output\" aria-hidden=\"true\"><\/div>\n<\/form>\n<\/div>\n\t\t\t\t\t\t<\/div>\n\t\t\t\t<\/div>\n\t\t\t\t<\/div>\n\t\t\t\t<\/div>\n\t\t\t\t\t<\/div>\n\t\t\t\t<\/div>\n\t\t\t\t<\/div>\n\t\t","protected":false},"excerpt":{"rendered":"<p>Uzyskaj bezp\u0142atn\u0105 wycen\u0119 enova365<\/p>\n","protected":false},"author":1,"featured_media":0,"parent":0,"menu_order":0,"comment_status":"closed","ping_status":"closed","template":"elementor_header_footer","meta":{"footnotes":""},"class_list":["post-1959","page","type-page","status-publish","hentry"],"blocksy_meta":[],"yoast_head":"<!-- This site is optimized with the Yoast SEO plugin v23.2 - https:\/\/yoast.com\/wordpress\/plugins\/seo\/ -->\n<title>Wycena enova365 - New Force<\/title>\n<meta name=\"description\" content=\"Profesjonalna wycena enova365 dostosowan\u0105 do potrzeb Twojej firmy. Poznaj koszt enova365 i najlepsze modu\u0142y dla Twojej firmy.\" \/>\n<meta name=\"robots\" content=\"index, follow, max-snippet:-1, max-image-preview:large, max-video-preview:-1\" \/>\n<link rel=\"canonical\" href=\"https:\/\/newforce.pl\/?page_id=1959\" \/>\n<meta property=\"og:locale\" content=\"pl_PL\" \/>\n<meta property=\"og:type\" content=\"article\" \/>\n<meta property=\"og:title\" content=\"Wycena enova365 - New Force\" \/>\n<meta property=\"og:description\" content=\"Profesjonalna wycena enova365 dostosowan\u0105 do potrzeb Twojej firmy. Poznaj koszt enova365 i najlepsze modu\u0142y dla Twojej firmy.\" \/>\n<meta property=\"og:url\" content=\"https:\/\/newforce.pl\/?page_id=1959\" \/>\n<meta property=\"og:site_name\" content=\"New Force\" \/>\n<meta property=\"article:modified_time\" content=\"2025-04-29T14:41:04+00:00\" \/>\n<meta name=\"twitter:card\" content=\"summary_large_image\" \/>\n<meta name=\"twitter:label1\" content=\"Szacowany czas czytania\" \/>\n\t<meta name=\"twitter:data1\" content=\"1 minuta\" \/>\n<script type=\"application\/ld+json\" class=\"yoast-schema-graph\">{\"@context\":\"https:\/\/schema.org\",\"@graph\":[{\"@type\":\"WebPage\",\"@id\":\"https:\/\/newforce.pl\/?page_id=1959\",\"url\":\"https:\/\/newforce.pl\/?page_id=1959\",\"name\":\"Wycena enova365 - New Force\",\"isPartOf\":{\"@id\":\"https:\/\/newforce.pl\/#website\"},\"datePublished\":\"2024-12-09T10:20:58+00:00\",\"dateModified\":\"2025-04-29T14:41:04+00:00\",\"description\":\"Profesjonalna wycena enova365 dostosowan\u0105 do potrzeb Twojej firmy. Poznaj koszt enova365 i najlepsze modu\u0142y dla Twojej firmy.\",\"breadcrumb\":{\"@id\":\"https:\/\/newforce.pl\/?page_id=1959#breadcrumb\"},\"inLanguage\":\"pl-PL\",\"potentialAction\":[{\"@type\":\"ReadAction\",\"target\":[\"https:\/\/newforce.pl\/?page_id=1959\"]}]},{\"@type\":\"BreadcrumbList\",\"@id\":\"https:\/\/newforce.pl\/?page_id=1959#breadcrumb\",\"itemListElement\":[{\"@type\":\"ListItem\",\"position\":1,\"name\":\"Strona g\u0142\u00f3wna\",\"item\":\"https:\/\/newforce.pl\/\"},{\"@type\":\"ListItem\",\"position\":2,\"name\":\"Wycena enova365\"}]},{\"@type\":\"WebSite\",\"@id\":\"https:\/\/newforce.pl\/#website\",\"url\":\"https:\/\/newforce.pl\/\",\"name\":\"New Force\",\"description\":\"Autoryzowany partner enova365\",\"publisher\":{\"@id\":\"https:\/\/newforce.pl\/#organization\"},\"potentialAction\":[{\"@type\":\"SearchAction\",\"target\":{\"@type\":\"EntryPoint\",\"urlTemplate\":\"https:\/\/newforce.pl\/?s={search_term_string}\"},\"query-input\":\"required name=search_term_string\"}],\"inLanguage\":\"pl-PL\"},{\"@type\":\"Organization\",\"@id\":\"https:\/\/newforce.pl\/#organization\",\"name\":\"New Force\",\"url\":\"https:\/\/newforce.pl\/\",\"logo\":{\"@type\":\"ImageObject\",\"inLanguage\":\"pl-PL\",\"@id\":\"https:\/\/newforce.pl\/#\/schema\/logo\/image\/\",\"url\":\"https:\/\/newforce.pl\/wp-content\/uploads\/2022\/10\/logo.svg\",\"contentUrl\":\"https:\/\/newforce.pl\/wp-content\/uploads\/2022\/10\/logo.svg\",\"width\":262,\"height\":54,\"caption\":\"New Force\"},\"image\":{\"@id\":\"https:\/\/newforce.pl\/#\/schema\/logo\/image\/\"}}]}<\/script>\n<!-- \/ Yoast SEO plugin. -->","yoast_head_json":{"title":"Wycena enova365 - New Force","description":"Profesjonalna wycena enova365 dostosowan\u0105 do potrzeb Twojej firmy. Poznaj koszt enova365 i najlepsze modu\u0142y dla Twojej firmy.","robots":{"index":"index","follow":"follow","max-snippet":"max-snippet:-1","max-image-preview":"max-image-preview:large","max-video-preview":"max-video-preview:-1"},"canonical":"https:\/\/newforce.pl\/?page_id=1959","og_locale":"pl_PL","og_type":"article","og_title":"Wycena enova365 - New Force","og_description":"Profesjonalna wycena enova365 dostosowan\u0105 do potrzeb Twojej firmy. Poznaj koszt enova365 i najlepsze modu\u0142y dla Twojej firmy.","og_url":"https:\/\/newforce.pl\/?page_id=1959","og_site_name":"New Force","article_modified_time":"2025-04-29T14:41:04+00:00","twitter_card":"summary_large_image","twitter_misc":{"Szacowany czas czytania":"1 minuta"},"schema":{"@context":"https:\/\/schema.org","@graph":[{"@type":"WebPage","@id":"https:\/\/newforce.pl\/?page_id=1959","url":"https:\/\/newforce.pl\/?page_id=1959","name":"Wycena enova365 - New Force","isPartOf":{"@id":"https:\/\/newforce.pl\/#website"},"datePublished":"2024-12-09T10:20:58+00:00","dateModified":"2025-04-29T14:41:04+00:00","description":"Profesjonalna wycena enova365 dostosowan\u0105 do potrzeb Twojej firmy. Poznaj koszt enova365 i najlepsze modu\u0142y dla Twojej firmy.","breadcrumb":{"@id":"https:\/\/newforce.pl\/?page_id=1959#breadcrumb"},"inLanguage":"pl-PL","potentialAction":[{"@type":"ReadAction","target":["https:\/\/newforce.pl\/?page_id=1959"]}]},{"@type":"BreadcrumbList","@id":"https:\/\/newforce.pl\/?page_id=1959#breadcrumb","itemListElement":[{"@type":"ListItem","position":1,"name":"Strona g\u0142\u00f3wna","item":"https:\/\/newforce.pl\/"},{"@type":"ListItem","position":2,"name":"Wycena enova365"}]},{"@type":"WebSite","@id":"https:\/\/newforce.pl\/#website","url":"https:\/\/newforce.pl\/","name":"New Force","description":"Autoryzowany partner enova365","publisher":{"@id":"https:\/\/newforce.pl\/#organization"},"potentialAction":[{"@type":"SearchAction","target":{"@type":"EntryPoint","urlTemplate":"https:\/\/newforce.pl\/?s={search_term_string}"},"query-input":"required name=search_term_string"}],"inLanguage":"pl-PL"},{"@type":"Organization","@id":"https:\/\/newforce.pl\/#organization","name":"New Force","url":"https:\/\/newforce.pl\/","logo":{"@type":"ImageObject","inLanguage":"pl-PL","@id":"https:\/\/newforce.pl\/#\/schema\/logo\/image\/","url":"https:\/\/newforce.pl\/wp-content\/uploads\/2022\/10\/logo.svg","contentUrl":"https:\/\/newforce.pl\/wp-content\/uploads\/2022\/10\/logo.svg","width":262,"height":54,"caption":"New Force"},"image":{"@id":"https:\/\/newforce.pl\/#\/schema\/logo\/image\/"}}]}},"_links":{"self":[{"href":"https:\/\/newforce.pl\/index.php?rest_route=\/wp\/v2\/pages\/1959","targetHints":{"allow":["GET"]}}],"collection":[{"href":"https:\/\/newforce.pl\/index.php?rest_route=\/wp\/v2\/pages"}],"about":[{"href":"https:\/\/newforce.pl\/index.php?rest_route=\/wp\/v2\/types\/page"}],"author":[{"embeddable":true,"href":"https:\/\/newforce.pl\/index.php?rest_route=\/wp\/v2\/users\/1"}],"replies":[{"embeddable":true,"href":"https:\/\/newforce.pl\/index.php?rest_route=%2Fwp%2Fv2%2Fcomments&post=1959"}],"version-history":[{"count":23,"href":"https:\/\/newforce.pl\/index.php?rest_route=\/wp\/v2\/pages\/1959\/revisions"}],"predecessor-version":[{"id":2077,"href":"https:\/\/newforce.pl\/index.php?rest_route=\/wp\/v2\/pages\/1959\/revisions\/2077"}],"wp:attachment":[{"href":"https:\/\/newforce.pl\/index.php?rest_route=%2Fwp%2Fv2%2Fmedia&parent=1959"}],"curies":[{"name":"wp","href":"https:\/\/api.w.org\/{rel}","templated":true}]}}