{"id":1538,"date":"2024-09-24T10:56:05","date_gmt":"2024-09-24T08:56:05","guid":{"rendered":"https:\/\/newforce.pl\/?page_id=1538"},"modified":"2024-12-09T16:32:02","modified_gmt":"2024-12-09T15:32:02","slug":"moduly-enova365","status":"publish","type":"page","link":"https:\/\/newforce.pl\/?page_id=1538","title":{"rendered":"Modu\u0142y enova365"},"content":{"rendered":"\t\t<div data-elementor-type=\"wp-page\" data-elementor-id=\"1538\" class=\"elementor elementor-1538\">\n\t\t\t\t<div class=\"elementor-element elementor-element-d4c149e e-flex e-con-boxed e-con e-parent\" data-id=\"d4c149e\" data-element_type=\"container\">\n\t\t\t\t\t<div class=\"e-con-inner\">\n\t\t<div class=\"elementor-element elementor-element-61e0a6d e-con-full e-flex e-con e-child\" data-id=\"61e0a6d\" data-element_type=\"container\">\n\t\t\t\t<div class=\"elementor-element elementor-element-de6f15a elementor-widget elementor-widget-heading\" data-id=\"de6f15a\" data-element_type=\"widget\" data-widget_type=\"heading.default\">\n\t\t\t\t<div class=\"elementor-widget-container\">\n\t\t\t<style>\/*! elementor - v3.23.0 - 05-08-2024 *\/\n.elementor-heading-title{padding:0;margin:0;line-height:1}.elementor-widget-heading .elementor-heading-title[class*=elementor-size-]>a{color:inherit;font-size:inherit;line-height:inherit}.elementor-widget-heading .elementor-heading-title.elementor-size-small{font-size:15px}.elementor-widget-heading .elementor-heading-title.elementor-size-medium{font-size:19px}.elementor-widget-heading .elementor-heading-title.elementor-size-large{font-size:29px}.elementor-widget-heading .elementor-heading-title.elementor-size-xl{font-size:39px}.elementor-widget-heading .elementor-heading-title.elementor-size-xxl{font-size:59px}<\/style><h1 class=\"elementor-heading-title elementor-size-default\">Modu\u0142y enova365 \u2013 Elastyczne rozwi\u0105zania dopasowane do Twojej firmy<\/h1>\t\t<\/div>\n\t\t\t\t<\/div>\n\t\t\t\t<div class=\"elementor-element elementor-element-0890218 elementor-widget elementor-widget-image\" data-id=\"0890218\" data-element_type=\"widget\" data-widget_type=\"image.default\">\n\t\t\t\t<div class=\"elementor-widget-container\">\n\t\t\t<style>\/*! elementor - v3.23.0 - 05-08-2024 *\/\n.elementor-widget-image{text-align:center}.elementor-widget-image a{display:inline-block}.elementor-widget-image a img{width:48px}.elementor-widget-image img{vertical-align:middle;display:inline-block}<\/style>\t\t\t\t\t\t\t\t\t\t<img fetchpriority=\"high\" decoding=\"async\" width=\"399\" height=\"256\" src=\"https:\/\/newforce.pl\/wp-content\/uploads\/2024\/08\/image-12.png\" class=\"attachment-large size-large wp-image-1348\" alt=\"\" srcset=\"https:\/\/newforce.pl\/wp-content\/uploads\/2024\/08\/image-12.png 399w, https:\/\/newforce.pl\/wp-content\/uploads\/2024\/08\/image-12-300x192.png 300w\" sizes=\"(max-width: 399px) 100vw, 399px\" \/>\t\t\t\t\t\t\t\t\t\t\t\t\t<\/div>\n\t\t\t\t<\/div>\n\t\t\t\t<\/div>\n\t\t<div class=\"elementor-element elementor-element-8b8f7bc e-con-full e-flex e-con e-child\" data-id=\"8b8f7bc\" data-element_type=\"container\">\n\t\t\t\t<div class=\"elementor-element elementor-element-5b27411 elementor-widget elementor-widget-heading\" data-id=\"5b27411\" data-element_type=\"widget\" data-widget_type=\"heading.default\">\n\t\t\t\t<div class=\"elementor-widget-container\">\n\t\t\t<h2 class=\"elementor-heading-title elementor-size-default\">Modu\u0142y enova365<\/h2>\t\t<\/div>\n\t\t\t\t<\/div>\n\t\t<div class=\"elementor-element elementor-element-e798c19 e-grid e-con-full e-con e-child\" data-id=\"e798c19\" data-element_type=\"container\">\n\t\t\t\t<div class=\"elementor-element elementor-element-b5429ad elementor-position-top elementor-widget elementor-widget-image-box\" data-id=\"b5429ad\" data-element_type=\"widget\" data-widget_type=\"image-box.default\">\n\t\t\t\t<div class=\"elementor-widget-container\">\n\t\t\t<style>\/*! elementor - v3.23.0 - 05-08-2024 *\/\n.elementor-widget-image-box .elementor-image-box-content{width:100%}@media (min-width:768px){.elementor-widget-image-box.elementor-position-left .elementor-image-box-wrapper,.elementor-widget-image-box.elementor-position-right .elementor-image-box-wrapper{display:flex}.elementor-widget-image-box.elementor-position-right .elementor-image-box-wrapper{text-align:end;flex-direction:row-reverse}.elementor-widget-image-box.elementor-position-left .elementor-image-box-wrapper{text-align:start;flex-direction:row}.elementor-widget-image-box.elementor-position-top .elementor-image-box-img{margin:auto}.elementor-widget-image-box.elementor-vertical-align-top .elementor-image-box-wrapper{align-items:flex-start}.elementor-widget-image-box.elementor-vertical-align-middle .elementor-image-box-wrapper{align-items:center}.elementor-widget-image-box.elementor-vertical-align-bottom .elementor-image-box-wrapper{align-items:flex-end}}@media (max-width:767px){.elementor-widget-image-box .elementor-image-box-img{margin-left:auto!important;margin-right:auto!important;margin-bottom:15px}}.elementor-widget-image-box .elementor-image-box-img{display:inline-block}.elementor-widget-image-box .elementor-image-box-title a{color:inherit}.elementor-widget-image-box .elementor-image-box-wrapper{text-align:center}.elementor-widget-image-box .elementor-image-box-description{margin:0}<\/style><div class=\"elementor-image-box-wrapper\"><figure class=\"elementor-image-box-img\"><img decoding=\"async\" width=\"92\" height=\"92\" src=\"https:\/\/newforce.pl\/wp-content\/uploads\/2024\/08\/enova365_ikona_finanse.png\" class=\"attachment-full size-full wp-image-1331\" alt=\"\" \/><\/figure><div class=\"elementor-image-box-content\"><h3 class=\"elementor-image-box-title\">Finanse i Ksi\u0119gowo\u015b\u0107<\/h3><p class=\"elementor-image-box-description\">Modu\u0142 odpowiada za pe\u0142n\u0105 obs\u0142ug\u0119 finansowo-ksi\u0119gow\u0105 firmy, w tym prowadzenie ksi\u0105g rachunkowych, ewidencji VAT oraz raportowanie podatkowe. Dzi\u0119ki niemu zarz\u0105dzanie finansami staje si\u0119 prostsze i bardziej efektywne.<\/p><\/div><\/div>\t\t<\/div>\n\t\t\t\t<\/div>\n\t\t\t\t<div class=\"elementor-element elementor-element-1364181 elementor-position-top elementor-widget elementor-widget-image-box\" data-id=\"1364181\" data-element_type=\"widget\" data-widget_type=\"image-box.default\">\n\t\t\t\t<div class=\"elementor-widget-container\">\n\t\t\t<div class=\"elementor-image-box-wrapper\"><figure class=\"elementor-image-box-img\"><img decoding=\"async\" width=\"92\" height=\"92\" src=\"https:\/\/newforce.pl\/wp-content\/uploads\/2024\/08\/enova365_ikona_kadry.png\" class=\"attachment-full size-full wp-image-1332\" alt=\"\" \/><\/figure><div class=\"elementor-image-box-content\"><h3 class=\"elementor-image-box-title\">Kadry i P\u0142ace<\/h3><p class=\"elementor-image-box-description\">Ten modu\u0142 umo\u017cliwia kompleksow\u0105 obs\u0142ug\u0119 kadrowo-p\u0142acow\u0105, automatyzuj\u0105c procesy zwi\u0105zane z naliczaniem wynagrodze\u0144, ewidencj\u0105 czasu pracy, oraz przygotowywaniem deklaracji podatkowych.<\/p><\/div><\/div>\t\t<\/div>\n\t\t\t\t<\/div>\n\t\t\t\t<div class=\"elementor-element elementor-element-c6d7c21 elementor-position-top elementor-widget elementor-widget-image-box\" data-id=\"c6d7c21\" data-element_type=\"widget\" data-widget_type=\"image-box.default\">\n\t\t\t\t<div class=\"elementor-widget-container\">\n\t\t\t<div class=\"elementor-image-box-wrapper\"><figure class=\"elementor-image-box-img\"><img loading=\"lazy\" decoding=\"async\" width=\"92\" height=\"92\" src=\"https:\/\/newforce.pl\/wp-content\/uploads\/2024\/09\/handel_ikona_92x92-92x92-1.png\" class=\"attachment-full size-full wp-image-1574\" alt=\"\" \/><\/figure><div class=\"elementor-image-box-content\"><h3 class=\"elementor-image-box-title\">Handel i Magazyn<\/h3><p class=\"elementor-image-box-description\"><p>Modu\u0142 wspiera zarz\u0105dzanie procesami zakup\u00f3w, sprzeda\u017cy, a tak\u017ce obs\u0142ug\u0119 gospodarki magazynowej. Dzi\u0119ki niemu kontrola stan\u00f3w magazynowych, obs\u0142uga dokumentacji handlowej i zarz\u0105dzanie dostawami staj\u0105 si\u0119 bardziej efektywne.<span style=\"font-family: inherit; font-size: inherit; font-style: inherit; font-variant-ligatures: inherit; font-variant-caps: inherit; font-weight: inherit; background-color: var(--theme-palette-color-7); color: var(--theme-text-color); letter-spacing: var(--theme-letter-spacing); text-transform: var(--theme-text-transform);\"><\/span><\/p><\/p><\/div><\/div>\t\t<\/div>\n\t\t\t\t<\/div>\n\t\t\t\t<div class=\"elementor-element elementor-element-22da58f elementor-position-top elementor-widget elementor-widget-image-box\" data-id=\"22da58f\" data-element_type=\"widget\" data-widget_type=\"image-box.default\">\n\t\t\t\t<div class=\"elementor-widget-container\">\n\t\t\t<div class=\"elementor-image-box-wrapper\"><figure class=\"elementor-image-box-img\"><img loading=\"lazy\" decoding=\"async\" width=\"92\" height=\"92\" src=\"https:\/\/newforce.pl\/wp-content\/uploads\/2024\/08\/enova365_ikona_sprzedaz.png\" class=\"attachment-full size-full wp-image-1333\" alt=\"\" \/><\/figure><div class=\"elementor-image-box-content\"><h3 class=\"elementor-image-box-title\">CRM<\/h3><p class=\"elementor-image-box-description\">Modu\u0142 CRM umo\u017cliwia zarz\u0105dzanie relacjami z klientami, oferuj\u0105c narz\u0119dzia do \u015bledzenia interakcji z klientami, zarz\u0105dzania ofertami oraz monitorowania wynik\u00f3w sprzeda\u017cy.<\/p><\/div><\/div>\t\t<\/div>\n\t\t\t\t<\/div>\n\t\t\t\t<div class=\"elementor-element elementor-element-689ecba elementor-position-top elementor-widget elementor-widget-image-box\" data-id=\"689ecba\" data-element_type=\"widget\" data-widget_type=\"image-box.default\">\n\t\t\t\t<div class=\"elementor-widget-container\">\n\t\t\t<div class=\"elementor-image-box-wrapper\"><figure class=\"elementor-image-box-img\"><img loading=\"lazy\" decoding=\"async\" width=\"92\" height=\"92\" src=\"https:\/\/newforce.pl\/wp-content\/uploads\/2024\/08\/034115_enova365_ikona_procesy.png\" class=\"attachment-full size-full wp-image-1402\" alt=\"\" \/><\/figure><div class=\"elementor-image-box-content\"><h3 class=\"elementor-image-box-title\">Workflow<\/h3><p class=\"elementor-image-box-description\">Modu\u0142 Workflow automatyzuje przep\u0142yw pracy w firmie, umo\u017cliwiaj\u0105c definiowanie, zarz\u0105dzanie i optymalizowanie proces\u00f3w. Pozwala na tworzenie regu\u0142 i schemat\u00f3w przep\u0142yw\u00f3w, automatyzacj\u0119 zatwierdze\u0144 dokument\u00f3w oraz kontrol\u0119 nad realizacj\u0105 zada\u0144. To idealne narz\u0119dzie do zwi\u0119kszania efektywno\u015bci operacyjnej.<\/p><\/div><\/div>\t\t<\/div>\n\t\t\t\t<\/div>\n\t\t\t\t<\/div>\n\t\t\t\t<\/div>\n\t\t<div class=\"elementor-element elementor-element-140e6ec e-con-full e-flex e-con e-child\" data-id=\"140e6ec\" data-element_type=\"container\">\n\t\t\t\t<div class=\"elementor-element elementor-element-50c9d0a elementor-widget elementor-widget-heading\" data-id=\"50c9d0a\" data-element_type=\"widget\" data-widget_type=\"heading.default\">\n\t\t\t\t<div class=\"elementor-widget-container\">\n\t\t\t<h2 class=\"elementor-heading-title elementor-size-default\">Modu\u0142owa budowa enova365 \u2013 elastyczno\u015b\u0107 i skalowalno\u015b\u0107<\/h2>\t\t<\/div>\n\t\t\t\t<\/div>\n\t\t\t\t<div class=\"elementor-element elementor-element-5fae783 elementor-widget elementor-widget-text-editor\" data-id=\"5fae783\" data-element_type=\"widget\" data-widget_type=\"text-editor.default\">\n\t\t\t\t<div class=\"elementor-widget-container\">\n\t\t\t<style>\/*! elementor - v3.23.0 - 05-08-2024 *\/\n.elementor-widget-text-editor.elementor-drop-cap-view-stacked .elementor-drop-cap{background-color:#69727d;color:#fff}.elementor-widget-text-editor.elementor-drop-cap-view-framed .elementor-drop-cap{color:#69727d;border:3px solid;background-color:transparent}.elementor-widget-text-editor:not(.elementor-drop-cap-view-default) .elementor-drop-cap{margin-top:8px}.elementor-widget-text-editor:not(.elementor-drop-cap-view-default) .elementor-drop-cap-letter{width:1em;height:1em}.elementor-widget-text-editor .elementor-drop-cap{float:left;text-align:center;line-height:1;font-size:50px}.elementor-widget-text-editor .elementor-drop-cap-letter{display:inline-block}<\/style>\t\t\t\tModu\u0142owa budowa enova365 pozwala firmom na pe\u0142n\u0105 elastyczno\u015b\u0107 w doborze funkcji systemu. Mo\u017cesz wybra\u0107 tylko te modu\u0142y, kt\u00f3re s\u0105 aktualnie potrzebne Twojej firmie, a w miar\u0119 jej rozwoju dodawa\u0107 kolejne, dostosowuj\u0105c system do zmieniaj\u0105cych si\u0119 wymaga\u0144 biznesowych. Taka skalowalno\u015b\u0107 pozwala na efektywne zarz\u0105dzanie kosztami oraz unikni\u0119cie z\u0142o\u017cono\u015bci zwi\u0105zanej z nadmiarem niepotrzebnych funkcji.\n<\/br>\nDzi\u0119ki modu\u0142owej budowie, enova365 ro\u015bnie wraz z Twoj\u0105 firm\u0105, zapewniaj\u0105c zawsze dopasowane rozwi\u0105zania niezale\u017cnie od jej wielko\u015bci i potrzeb.\t\t\t\t\t\t<\/div>\n\t\t\t\t<\/div>\n\t\t\t\t<\/div>\n\t\t\t\t\t<\/div>\n\t\t\t\t<\/div>\n\t\t<div class=\"elementor-element elementor-element-5f8a880f e-flex e-con-boxed e-con e-parent\" data-id=\"5f8a880f\" data-element_type=\"container\" data-settings=\"{&quot;background_background&quot;:&quot;classic&quot;}\">\n\t\t\t\t\t<div class=\"e-con-inner\">\n\t\t<div class=\"elementor-element elementor-element-2a4508dd e-con-full e-flex e-con e-child\" data-id=\"2a4508dd\" data-element_type=\"container\">\n\t\t\t\t<div class=\"elementor-element elementor-element-403e9e7b elementor-widget elementor-widget-heading\" data-id=\"403e9e7b\" data-element_type=\"widget\" data-widget_type=\"heading.default\">\n\t\t\t\t<div class=\"elementor-widget-container\">\n\t\t\t<h2 class=\"elementor-heading-title elementor-size-default\">Przekszta\u0142\u0107 sw\u00f3j biznes na lepsze.<\/h2>\t\t<\/div>\n\t\t\t\t<\/div>\n\t\t\t\t<div class=\"elementor-element elementor-element-647be0ce elementor-widget elementor-widget-text-editor\" data-id=\"647be0ce\" data-element_type=\"widget\" data-widget_type=\"text-editor.default\">\n\t\t\t\t<div class=\"elementor-widget-container\">\n\t\t\t\t\t\t\t<p>Um\u00f3w si\u0119 na bezp\u0142atn\u0105 prezentacj\u0119 systemu<\/p>\t\t\t\t\t\t<\/div>\n\t\t\t\t<\/div>\n\t\t\t\t<div class=\"elementor-element elementor-element-3e963775 elementor-mobile-align-center elementor-tablet-align-center elementor-widget elementor-widget-button\" data-id=\"3e963775\" data-element_type=\"widget\" data-widget_type=\"button.default\">\n\t\t\t\t<div class=\"elementor-widget-container\">\n\t\t\t\t\t<div class=\"elementor-button-wrapper\">\n\t\t\t<a class=\"elementor-button elementor-button-link elementor-size-sm\" href=\"#\">\n\t\t\t\t\t\t<span class=\"elementor-button-content-wrapper\">\n\t\t\t\t\t\t\t\t\t<span class=\"elementor-button-text\">UM\u00d3W SI\u0118<\/span>\n\t\t\t\t\t<\/span>\n\t\t\t\t\t<\/a>\n\t\t<\/div>\n\t\t\t\t<\/div>\n\t\t\t\t<\/div>\n\t\t\t\t<\/div>\n\t\t\t\t\t<\/div>\n\t\t\t\t<\/div>\n\t\t<div class=\"elementor-element elementor-element-b6b1c08 e-flex e-con-boxed e-con e-parent\" data-id=\"b6b1c08\" data-element_type=\"container\">\n\t\t\t\t\t<div class=\"e-con-inner\">\n\t\t<div class=\"elementor-element elementor-element-fd0dff1 e-con-full e-flex e-con e-child\" data-id=\"fd0dff1\" data-element_type=\"container\">\n\t\t\t\t<div class=\"elementor-element elementor-element-861c020 elementor-widget elementor-widget-heading\" data-id=\"861c020\" data-element_type=\"widget\" data-widget_type=\"heading.default\">\n\t\t\t\t<div class=\"elementor-widget-container\">\n\t\t\t<h2 class=\"elementor-heading-title elementor-size-default\">Bezpiecze\u0144stwo danych w enova365<\/h2>\t\t<\/div>\n\t\t\t\t<\/div>\n\t\t\t\t<div class=\"elementor-element elementor-element-9ff435c elementor-widget elementor-widget-text-editor\" data-id=\"9ff435c\" data-element_type=\"widget\" data-widget_type=\"text-editor.default\">\n\t\t\t\t<div class=\"elementor-widget-container\">\n\t\t\t\t\t\t\t<p>W dzisiejszych czasach bezpiecze\u0144stwo danych to priorytet dla ka\u017cdej firmy. <strong>enova365<\/strong> zapewnia najwy\u017csze standardy ochrony informacji dzi\u0119ki zaawansowanym mechanizmom zabezpiecze\u0144. Wszystkie dane s\u0105 szyfrowane, a dost\u0119p do systemu kontrolowany za pomoc\u0105 wielopoziomowych uprawnie\u0144 u\u017cytkownik\u00f3w.<\/p><p>Dodatkowo, enova365 oferuje regularne kopie zapasowe i mo\u017cliwo\u015b\u0107 pracy w chmurze, co zapewnia ci\u0105g\u0142o\u015b\u0107 dzia\u0142ania Twojej firmy nawet w przypadku awarii sprz\u0119tu. Dzi\u0119ki temu mo\u017cesz by\u0107 pewien, \u017ce Twoje dane s\u0105 zawsze bezpieczne i dost\u0119pne w dowolnym momencie.<\/p>\t\t\t\t\t\t<\/div>\n\t\t\t\t<\/div>\n\t\t\t\t<\/div>\n\t\t\t\t\t<\/div>\n\t\t\t\t<\/div>\n\t\t\t\t<\/div>\n\t\t","protected":false},"excerpt":{"rendered":"<p>Modu\u0142y enova365 \u2013 Elastyczne rozwi\u0105zania dopasowane do Twojej firmy Modu\u0142y enova365 Finanse i Ksi\u0119gowo\u015b\u0107 Modu\u0142 odpowiada za pe\u0142n\u0105 obs\u0142ug\u0119 finansowo-ksi\u0119gow\u0105 firmy, w tym prowadzenie ksi\u0105g rachunkowych, ewidencji VAT oraz raportowanie podatkowe. Dzi\u0119ki niemu zarz\u0105dzanie finansami staje si\u0119 prostsze i bardziej efektywne. Kadry i P\u0142ace Ten modu\u0142 umo\u017cliwia kompleksow\u0105 obs\u0142ug\u0119 kadrowo-p\u0142acow\u0105, automatyzuj\u0105c procesy zwi\u0105zane z naliczaniem [&hellip;]<\/p>\n","protected":false},"author":1,"featured_media":0,"parent":0,"menu_order":0,"comment_status":"closed","ping_status":"closed","template":"elementor_header_footer","meta":{"footnotes":""},"class_list":["post-1538","page","type-page","status-publish","hentry"],"blocksy_meta":[],"yoast_head":"<!-- This site is optimized with the Yoast SEO plugin v23.2 - https:\/\/yoast.com\/wordpress\/plugins\/seo\/ -->\n<title>Modu\u0142y enova365 - New Force<\/title>\n<meta name=\"robots\" content=\"index, follow, max-snippet:-1, max-image-preview:large, max-video-preview:-1\" \/>\n<link rel=\"canonical\" href=\"https:\/\/newforce.pl\/?page_id=1538\" \/>\n<meta property=\"og:locale\" content=\"pl_PL\" \/>\n<meta property=\"og:type\" content=\"article\" \/>\n<meta property=\"og:title\" content=\"Modu\u0142y enova365 - New Force\" \/>\n<meta property=\"og:description\" content=\"Modu\u0142y enova365 \u2013 Elastyczne rozwi\u0105zania dopasowane do Twojej firmy Modu\u0142y enova365 Finanse i Ksi\u0119gowo\u015b\u0107 Modu\u0142 odpowiada za pe\u0142n\u0105 obs\u0142ug\u0119 finansowo-ksi\u0119gow\u0105 firmy, w tym prowadzenie ksi\u0105g rachunkowych, ewidencji VAT oraz raportowanie podatkowe. Dzi\u0119ki niemu zarz\u0105dzanie finansami staje si\u0119 prostsze i bardziej efektywne. Kadry i P\u0142ace Ten modu\u0142 umo\u017cliwia kompleksow\u0105 obs\u0142ug\u0119 kadrowo-p\u0142acow\u0105, automatyzuj\u0105c procesy zwi\u0105zane z naliczaniem [&hellip;]\" \/>\n<meta property=\"og:url\" content=\"https:\/\/newforce.pl\/?page_id=1538\" \/>\n<meta property=\"og:site_name\" content=\"New Force\" \/>\n<meta property=\"article:modified_time\" content=\"2024-12-09T15:32:02+00:00\" \/>\n<meta property=\"og:image\" content=\"https:\/\/newforce.pl\/wp-content\/uploads\/2024\/08\/image-12.png\" \/>\n<meta name=\"twitter:card\" content=\"summary_large_image\" \/>\n<meta name=\"twitter:label1\" content=\"Szacowany czas czytania\" \/>\n\t<meta name=\"twitter:data1\" content=\"4 minuty\" \/>\n<script type=\"application\/ld+json\" class=\"yoast-schema-graph\">{\"@context\":\"https:\/\/schema.org\",\"@graph\":[{\"@type\":\"WebPage\",\"@id\":\"https:\/\/newforce.pl\/?page_id=1538\",\"url\":\"https:\/\/newforce.pl\/?page_id=1538\",\"name\":\"Modu\u0142y enova365 - New Force\",\"isPartOf\":{\"@id\":\"https:\/\/newforce.pl\/#website\"},\"primaryImageOfPage\":{\"@id\":\"https:\/\/newforce.pl\/?page_id=1538#primaryimage\"},\"image\":{\"@id\":\"https:\/\/newforce.pl\/?page_id=1538#primaryimage\"},\"thumbnailUrl\":\"https:\/\/newforce.pl\/wp-content\/uploads\/2024\/08\/image-12.png\",\"datePublished\":\"2024-09-24T08:56:05+00:00\",\"dateModified\":\"2024-12-09T15:32:02+00:00\",\"breadcrumb\":{\"@id\":\"https:\/\/newforce.pl\/?page_id=1538#breadcrumb\"},\"inLanguage\":\"pl-PL\",\"potentialAction\":[{\"@type\":\"ReadAction\",\"target\":[\"https:\/\/newforce.pl\/?page_id=1538\"]}]},{\"@type\":\"ImageObject\",\"inLanguage\":\"pl-PL\",\"@id\":\"https:\/\/newforce.pl\/?page_id=1538#primaryimage\",\"url\":\"https:\/\/newforce.pl\/wp-content\/uploads\/2024\/08\/image-12.png\",\"contentUrl\":\"https:\/\/newforce.pl\/wp-content\/uploads\/2024\/08\/image-12.png\",\"width\":399,\"height\":256},{\"@type\":\"BreadcrumbList\",\"@id\":\"https:\/\/newforce.pl\/?page_id=1538#breadcrumb\",\"itemListElement\":[{\"@type\":\"ListItem\",\"position\":1,\"name\":\"Strona g\u0142\u00f3wna\",\"item\":\"https:\/\/newforce.pl\/\"},{\"@type\":\"ListItem\",\"position\":2,\"name\":\"Modu\u0142y enova365\"}]},{\"@type\":\"WebSite\",\"@id\":\"https:\/\/newforce.pl\/#website\",\"url\":\"https:\/\/newforce.pl\/\",\"name\":\"New Force\",\"description\":\"Autoryzowany partner enova365\",\"publisher\":{\"@id\":\"https:\/\/newforce.pl\/#organization\"},\"potentialAction\":[{\"@type\":\"SearchAction\",\"target\":{\"@type\":\"EntryPoint\",\"urlTemplate\":\"https:\/\/newforce.pl\/?s={search_term_string}\"},\"query-input\":\"required name=search_term_string\"}],\"inLanguage\":\"pl-PL\"},{\"@type\":\"Organization\",\"@id\":\"https:\/\/newforce.pl\/#organization\",\"name\":\"New Force\",\"url\":\"https:\/\/newforce.pl\/\",\"logo\":{\"@type\":\"ImageObject\",\"inLanguage\":\"pl-PL\",\"@id\":\"https:\/\/newforce.pl\/#\/schema\/logo\/image\/\",\"url\":\"https:\/\/newforce.pl\/wp-content\/uploads\/2022\/10\/logo.svg\",\"contentUrl\":\"https:\/\/newforce.pl\/wp-content\/uploads\/2022\/10\/logo.svg\",\"width\":262,\"height\":54,\"caption\":\"New Force\"},\"image\":{\"@id\":\"https:\/\/newforce.pl\/#\/schema\/logo\/image\/\"}}]}<\/script>\n<!-- \/ Yoast SEO plugin. -->","yoast_head_json":{"title":"Modu\u0142y enova365 - New Force","robots":{"index":"index","follow":"follow","max-snippet":"max-snippet:-1","max-image-preview":"max-image-preview:large","max-video-preview":"max-video-preview:-1"},"canonical":"https:\/\/newforce.pl\/?page_id=1538","og_locale":"pl_PL","og_type":"article","og_title":"Modu\u0142y enova365 - New Force","og_description":"Modu\u0142y enova365 \u2013 Elastyczne rozwi\u0105zania dopasowane do Twojej firmy Modu\u0142y enova365 Finanse i Ksi\u0119gowo\u015b\u0107 Modu\u0142 odpowiada za pe\u0142n\u0105 obs\u0142ug\u0119 finansowo-ksi\u0119gow\u0105 firmy, w tym prowadzenie ksi\u0105g rachunkowych, ewidencji VAT oraz raportowanie podatkowe. Dzi\u0119ki niemu zarz\u0105dzanie finansami staje si\u0119 prostsze i bardziej efektywne. Kadry i P\u0142ace Ten modu\u0142 umo\u017cliwia kompleksow\u0105 obs\u0142ug\u0119 kadrowo-p\u0142acow\u0105, automatyzuj\u0105c procesy zwi\u0105zane z naliczaniem [&hellip;]","og_url":"https:\/\/newforce.pl\/?page_id=1538","og_site_name":"New Force","article_modified_time":"2024-12-09T15:32:02+00:00","og_image":[{"url":"https:\/\/newforce.pl\/wp-content\/uploads\/2024\/08\/image-12.png"}],"twitter_card":"summary_large_image","twitter_misc":{"Szacowany czas czytania":"4 minuty"},"schema":{"@context":"https:\/\/schema.org","@graph":[{"@type":"WebPage","@id":"https:\/\/newforce.pl\/?page_id=1538","url":"https:\/\/newforce.pl\/?page_id=1538","name":"Modu\u0142y enova365 - New Force","isPartOf":{"@id":"https:\/\/newforce.pl\/#website"},"primaryImageOfPage":{"@id":"https:\/\/newforce.pl\/?page_id=1538#primaryimage"},"image":{"@id":"https:\/\/newforce.pl\/?page_id=1538#primaryimage"},"thumbnailUrl":"https:\/\/newforce.pl\/wp-content\/uploads\/2024\/08\/image-12.png","datePublished":"2024-09-24T08:56:05+00:00","dateModified":"2024-12-09T15:32:02+00:00","breadcrumb":{"@id":"https:\/\/newforce.pl\/?page_id=1538#breadcrumb"},"inLanguage":"pl-PL","potentialAction":[{"@type":"ReadAction","target":["https:\/\/newforce.pl\/?page_id=1538"]}]},{"@type":"ImageObject","inLanguage":"pl-PL","@id":"https:\/\/newforce.pl\/?page_id=1538#primaryimage","url":"https:\/\/newforce.pl\/wp-content\/uploads\/2024\/08\/image-12.png","contentUrl":"https:\/\/newforce.pl\/wp-content\/uploads\/2024\/08\/image-12.png","width":399,"height":256},{"@type":"BreadcrumbList","@id":"https:\/\/newforce.pl\/?page_id=1538#breadcrumb","itemListElement":[{"@type":"ListItem","position":1,"name":"Strona g\u0142\u00f3wna","item":"https:\/\/newforce.pl\/"},{"@type":"ListItem","position":2,"name":"Modu\u0142y enova365"}]},{"@type":"WebSite","@id":"https:\/\/newforce.pl\/#website","url":"https:\/\/newforce.pl\/","name":"New Force","description":"Autoryzowany partner enova365","publisher":{"@id":"https:\/\/newforce.pl\/#organization"},"potentialAction":[{"@type":"SearchAction","target":{"@type":"EntryPoint","urlTemplate":"https:\/\/newforce.pl\/?s={search_term_string}"},"query-input":"required name=search_term_string"}],"inLanguage":"pl-PL"},{"@type":"Organization","@id":"https:\/\/newforce.pl\/#organization","name":"New Force","url":"https:\/\/newforce.pl\/","logo":{"@type":"ImageObject","inLanguage":"pl-PL","@id":"https:\/\/newforce.pl\/#\/schema\/logo\/image\/","url":"https:\/\/newforce.pl\/wp-content\/uploads\/2022\/10\/logo.svg","contentUrl":"https:\/\/newforce.pl\/wp-content\/uploads\/2022\/10\/logo.svg","width":262,"height":54,"caption":"New Force"},"image":{"@id":"https:\/\/newforce.pl\/#\/schema\/logo\/image\/"}}]}},"_links":{"self":[{"href":"https:\/\/newforce.pl\/index.php?rest_route=\/wp\/v2\/pages\/1538","targetHints":{"allow":["GET"]}}],"collection":[{"href":"https:\/\/newforce.pl\/index.php?rest_route=\/wp\/v2\/pages"}],"about":[{"href":"https:\/\/newforce.pl\/index.php?rest_route=\/wp\/v2\/types\/page"}],"author":[{"embeddable":true,"href":"https:\/\/newforce.pl\/index.php?rest_route=\/wp\/v2\/users\/1"}],"replies":[{"embeddable":true,"href":"https:\/\/newforce.pl\/index.php?rest_route=%2Fwp%2Fv2%2Fcomments&post=1538"}],"version-history":[{"count":21,"href":"https:\/\/newforce.pl\/index.php?rest_route=\/wp\/v2\/pages\/1538\/revisions"}],"predecessor-version":[{"id":1632,"href":"https:\/\/newforce.pl\/index.php?rest_route=\/wp\/v2\/pages\/1538\/revisions\/1632"}],"wp:attachment":[{"href":"https:\/\/newforce.pl\/index.php?rest_route=%2Fwp%2Fv2%2Fmedia&parent=1538"}],"curies":[{"name":"wp","href":"https:\/\/api.w.org\/{rel}","templated":true}]}}