{"id":1508,"date":"2024-09-24T07:14:07","date_gmt":"2024-09-24T05:14:07","guid":{"rendered":"https:\/\/newforce.pl\/?page_id=1508"},"modified":"2024-10-24T10:47:58","modified_gmt":"2024-10-24T08:47:58","slug":"o-nas","status":"publish","type":"page","link":"https:\/\/newforce.pl\/?page_id=1508","title":{"rendered":"O nas"},"content":{"rendered":"\t\t<div data-elementor-type=\"wp-page\" data-elementor-id=\"1508\" class=\"elementor elementor-1508\">\n\t\t\t\t<div class=\"elementor-element elementor-element-37f0800 e-flex e-con-boxed e-con e-parent\" data-id=\"37f0800\" data-element_type=\"container\">\n\t\t\t\t\t<div class=\"e-con-inner\">\n\t\t\t\t<div class=\"elementor-element elementor-element-7332f3c elementor-position-left elementor-vertical-align-top elementor-widget elementor-widget-image-box\" data-id=\"7332f3c\" data-element_type=\"widget\" data-widget_type=\"image-box.default\">\n\t\t\t\t<div class=\"elementor-widget-container\">\n\t\t\t<style>\/*! elementor - v3.23.0 - 05-08-2024 *\/\n.elementor-widget-image-box .elementor-image-box-content{width:100%}@media (min-width:768px){.elementor-widget-image-box.elementor-position-left .elementor-image-box-wrapper,.elementor-widget-image-box.elementor-position-right .elementor-image-box-wrapper{display:flex}.elementor-widget-image-box.elementor-position-right .elementor-image-box-wrapper{text-align:end;flex-direction:row-reverse}.elementor-widget-image-box.elementor-position-left .elementor-image-box-wrapper{text-align:start;flex-direction:row}.elementor-widget-image-box.elementor-position-top .elementor-image-box-img{margin:auto}.elementor-widget-image-box.elementor-vertical-align-top .elementor-image-box-wrapper{align-items:flex-start}.elementor-widget-image-box.elementor-vertical-align-middle .elementor-image-box-wrapper{align-items:center}.elementor-widget-image-box.elementor-vertical-align-bottom .elementor-image-box-wrapper{align-items:flex-end}}@media (max-width:767px){.elementor-widget-image-box .elementor-image-box-img{margin-left:auto!important;margin-right:auto!important;margin-bottom:15px}}.elementor-widget-image-box .elementor-image-box-img{display:inline-block}.elementor-widget-image-box .elementor-image-box-title a{color:inherit}.elementor-widget-image-box .elementor-image-box-wrapper{text-align:center}.elementor-widget-image-box .elementor-image-box-description{margin:0}<\/style><div class=\"elementor-image-box-wrapper\"><figure class=\"elementor-image-box-img\"><img fetchpriority=\"high\" decoding=\"async\" width=\"1024\" height=\"875\" src=\"https:\/\/newforce.pl\/wp-content\/uploads\/2024\/08\/animation_pulse_Default_vpgoldk7u.gif\" class=\"attachment-full size-full wp-image-1337\" alt=\"\" \/><\/figure><div class=\"elementor-image-box-content\"><h3 class=\"elementor-image-box-title\">O nas<\/h3><p class=\"elementor-image-box-description\"><p>New Force to firma, kt\u00f3ra wspiera cyfrow\u0105 transformacj\u0119 przedsi\u0119biorstw. Specjalizujemy si\u0119 w obs\u0142udze biur rachunkowych, oferuj\u0105c rozwi\u0105zania oparte na systemie enova365. Nasze us\u0142ugi s\u0105 r\u00f3wnie\u017c dost\u0119pne dla firm z innych bran\u017c. Dzi\u0119ki do\u015bwiadczeniu pomagamy klientom optymalizowa\u0107 operacje, automatyzowa\u0107 procesy i zwi\u0119ksza\u0107 efektywno\u015b\u0107.<\/p><p>Dla biur rachunkowych oferujemy dedykowane wdro\u017cenia enova365. U\u0142atwiaj\u0105 one zarz\u0105dzanie ksi\u0119gowo\u015bci\u0105, finansami oraz kadrami i p\u0142acami. Automatyzacja proces\u00f3w pozwala oszcz\u0119dzi\u0107 czas i zwi\u0119kszy\u0107 wydajno\u015b\u0107. Obs\u0142ugujemy tak\u017ce firmy produkcyjne, handlowe i us\u0142ugowe, kt\u00f3re potrzebuj\u0105 elastycznego systemu ERP.<\/p><p>Jeste\u015bmy partnerem, na kt\u00f3rym mo\u017cesz polega\u0107. Nasze podej\u015bcie opiera si\u0119 na wsp\u00f3\u0142pracy z klientem. Dok\u0142adnie analizujemy potrzeby, by wdro\u017cenie ERP by\u0142o efektywne i zgodne z celami biznesowymi. Nasz zesp\u00f3\u0142 sk\u0142ada si\u0119 z certyfikowanych specjalist\u00f3w, kt\u00f3rzy stale podnosz\u0105 kwalifikacje.<\/p><p>Wdro\u017cenia New Force daj\u0105 firmom nowoczesne narz\u0119dzie do zarz\u0105dzania i realne oszcz\u0119dno\u015bci. Umo\u017cliwiaj\u0105 lepsz\u0105 kontrol\u0119 finans\u00f3w, optymalizacj\u0119 proces\u00f3w kadrowych oraz sprawniejsze zarz\u0105dzanie sprzeda\u017c\u0105 i logistyk\u0105. Modu\u0142owa budowa enova365 pozwala dostosowa\u0107 system do indywidualnych potrzeb.<\/p><span style=\"font-family: inherit; font-size: inherit; font-style: inherit; font-variant-ligatures: inherit; font-variant-caps: inherit; font-weight: inherit; background-color: var(--theme-palette-color-7); color: var(--theme-text-color); letter-spacing: var(--theme-letter-spacing); text-transform: var(--theme-text-transform);\">Wierzymy, \u017ce technologia mo\u017ce by\u0107 prostsza i bardziej przyst\u0119pna. Dlatego stawiamy na intuicyjn\u0105 obs\u0142ug\u0119 oraz pe\u0142ne wsparcie na ka\u017cdym etapie wsp\u00f3\u0142pracy \u2013 od analizy, przez implementacj\u0119, a\u017c po utrzymanie i rozw\u00f3j systemu. Z New Force zyskujesz partnera, kt\u00f3ry wspiera Ci\u0119 w drodze do sukcesu.<\/span><\/p><\/div><\/div>\t\t<\/div>\n\t\t\t\t<\/div>\n\t\t<div class=\"elementor-element elementor-element-d2c17c2 e-con-full e-flex e-con e-child\" data-id=\"d2c17c2\" data-element_type=\"container\">\n\t\t<div class=\"elementor-element elementor-element-e644495 e-grid e-con-full e-con e-child\" data-id=\"e644495\" data-element_type=\"container\">\n\t\t<div class=\"elementor-element elementor-element-f635ad7 e-con-full e-flex e-con e-child\" data-id=\"f635ad7\" data-element_type=\"container\">\n\t\t\t\t<div class=\"elementor-element elementor-element-49cdcf3 elementor-widget elementor-widget-heading\" data-id=\"49cdcf3\" data-element_type=\"widget\" data-widget_type=\"heading.default\">\n\t\t\t\t<div class=\"elementor-widget-container\">\n\t\t\t<style>\/*! elementor - v3.23.0 - 05-08-2024 *\/\n.elementor-heading-title{padding:0;margin:0;line-height:1}.elementor-widget-heading .elementor-heading-title[class*=elementor-size-]>a{color:inherit;font-size:inherit;line-height:inherit}.elementor-widget-heading .elementor-heading-title.elementor-size-small{font-size:15px}.elementor-widget-heading .elementor-heading-title.elementor-size-medium{font-size:19px}.elementor-widget-heading .elementor-heading-title.elementor-size-large{font-size:29px}.elementor-widget-heading .elementor-heading-title.elementor-size-xl{font-size:39px}.elementor-widget-heading .elementor-heading-title.elementor-size-xxl{font-size:59px}<\/style><h2 class=\"elementor-heading-title elementor-size-default\">Profesjonalne wdro\u017cenia enova365<\/h2>\t\t<\/div>\n\t\t\t\t<\/div>\n\t\t\t\t<div class=\"elementor-element elementor-element-c27be6f elementor-widget elementor-widget-text-editor\" data-id=\"c27be6f\" data-element_type=\"widget\" data-widget_type=\"text-editor.default\">\n\t\t\t\t<div class=\"elementor-widget-container\">\n\t\t\t<style>\/*! elementor - v3.23.0 - 05-08-2024 *\/\n.elementor-widget-text-editor.elementor-drop-cap-view-stacked .elementor-drop-cap{background-color:#69727d;color:#fff}.elementor-widget-text-editor.elementor-drop-cap-view-framed .elementor-drop-cap{color:#69727d;border:3px solid;background-color:transparent}.elementor-widget-text-editor:not(.elementor-drop-cap-view-default) .elementor-drop-cap{margin-top:8px}.elementor-widget-text-editor:not(.elementor-drop-cap-view-default) .elementor-drop-cap-letter{width:1em;height:1em}.elementor-widget-text-editor .elementor-drop-cap{float:left;text-align:center;line-height:1;font-size:50px}.elementor-widget-text-editor .elementor-drop-cap-letter{display:inline-block}<\/style>\t\t\t\t<p>Oferujemy pe\u0142ne wdro\u017cenie systemu ERP enova365, dostosowane do potrzeb Twojej firmy. Ka\u017cde wdro\u017cenie poprzedza dog\u0142\u0119bna analiza, aby zapewni\u0107 maksymaln\u0105 efektywno\u015b\u0107 i zgodno\u015b\u0107 z Twoimi wymaganiami.<\/p>\t\t\t\t\t\t<\/div>\n\t\t\t\t<\/div>\n\t\t\t\t<\/div>\n\t\t<div class=\"elementor-element elementor-element-f8f44f6 e-con-full e-flex e-con e-child\" data-id=\"f8f44f6\" data-element_type=\"container\">\n\t\t\t\t<div class=\"elementor-element elementor-element-a88638d elementor-widget elementor-widget-heading\" data-id=\"a88638d\" data-element_type=\"widget\" data-widget_type=\"heading.default\">\n\t\t\t\t<div class=\"elementor-widget-container\">\n\t\t\t<h2 class=\"elementor-heading-title elementor-size-default\">Dlaczego akurat New Force?<\/h2>\t\t<\/div>\n\t\t\t\t<\/div>\n\t\t\t\t<div class=\"elementor-element elementor-element-f3820bc elementor-widget elementor-widget-text-editor\" data-id=\"f3820bc\" data-element_type=\"widget\" data-widget_type=\"text-editor.default\">\n\t\t\t\t<div class=\"elementor-widget-container\">\n\t\t\t\t\t\t\t<p>Nasze do\u015bwiadczenie i ekspercka wiedza sprawiaj\u0105, \u017ce proces wdro\u017cenia enova365 przebiega sprawnie i bez problem\u00f3w. Zapewniamy pe\u0142ne wsparcie na ka\u017cdym etapie projektu.<\/p>\t\t\t\t\t\t<\/div>\n\t\t\t\t<\/div>\n\t\t\t\t<\/div>\n\t\t<div class=\"elementor-element elementor-element-8007ef2 e-con-full e-flex e-con e-child\" data-id=\"8007ef2\" data-element_type=\"container\">\n\t\t\t\t<div class=\"elementor-element elementor-element-ed6f364 elementor-widget elementor-widget-heading\" data-id=\"ed6f364\" data-element_type=\"widget\" data-widget_type=\"heading.default\">\n\t\t\t\t<div class=\"elementor-widget-container\">\n\t\t\t<h2 class=\"elementor-heading-title elementor-size-default\">Kompleksowe wsparcie<\/h2>\t\t<\/div>\n\t\t\t\t<\/div>\n\t\t\t\t<div class=\"elementor-element elementor-element-2dd8308 elementor-widget elementor-widget-text-editor\" data-id=\"2dd8308\" data-element_type=\"widget\" data-widget_type=\"text-editor.default\">\n\t\t\t\t<div class=\"elementor-widget-container\">\n\t\t\t\t\t\t\t<p>Po wdro\u017ceniu enova365 oferujemy pe\u0142n\u0105 obs\u0142ug\u0119 posprzeda\u017cow\u0105 i rozw\u00f3j systemu, aby dostosowa\u0107 go do zmieniaj\u0105cych si\u0119 potrzeb Twojej firmy.<\/p>\t\t\t\t\t\t<\/div>\n\t\t\t\t<\/div>\n\t\t\t\t<\/div>\n\t\t\t\t<\/div>\n\t\t\t\t<\/div>\n\t\t\t\t\t<\/div>\n\t\t\t\t<\/div>\n\t\t\t\t<\/div>\n\t\t","protected":false},"excerpt":{"rendered":"<p>O nas New Force to firma, kt\u00f3ra wspiera cyfrow\u0105 transformacj\u0119 przedsi\u0119biorstw. Specjalizujemy si\u0119 w obs\u0142udze biur rachunkowych, oferuj\u0105c rozwi\u0105zania oparte na systemie enova365. Nasze us\u0142ugi s\u0105 r\u00f3wnie\u017c dost\u0119pne dla firm z innych bran\u017c. Dzi\u0119ki do\u015bwiadczeniu pomagamy klientom optymalizowa\u0107 operacje, automatyzowa\u0107 procesy i zwi\u0119ksza\u0107 efektywno\u015b\u0107. Dla biur rachunkowych oferujemy dedykowane wdro\u017cenia enova365. U\u0142atwiaj\u0105 one zarz\u0105dzanie ksi\u0119gowo\u015bci\u0105, [&hellip;]<\/p>\n","protected":false},"author":1,"featured_media":0,"parent":0,"menu_order":0,"comment_status":"closed","ping_status":"closed","template":"","meta":{"footnotes":""},"class_list":["post-1508","page","type-page","status-publish","hentry"],"blocksy_meta":[],"yoast_head":"<!-- This site is optimized with the Yoast SEO plugin v23.2 - https:\/\/yoast.com\/wordpress\/plugins\/seo\/ -->\n<title>O nas - New Force<\/title>\n<meta name=\"robots\" content=\"index, follow, max-snippet:-1, max-image-preview:large, max-video-preview:-1\" \/>\n<link rel=\"canonical\" href=\"https:\/\/newforce.pl\/?page_id=1508\" \/>\n<meta property=\"og:locale\" content=\"pl_PL\" \/>\n<meta property=\"og:type\" content=\"article\" \/>\n<meta property=\"og:title\" content=\"O nas - New Force\" \/>\n<meta property=\"og:description\" content=\"O nas New Force to firma, kt\u00f3ra wspiera cyfrow\u0105 transformacj\u0119 przedsi\u0119biorstw. Specjalizujemy si\u0119 w obs\u0142udze biur rachunkowych, oferuj\u0105c rozwi\u0105zania oparte na systemie enova365. Nasze us\u0142ugi s\u0105 r\u00f3wnie\u017c dost\u0119pne dla firm z innych bran\u017c. Dzi\u0119ki do\u015bwiadczeniu pomagamy klientom optymalizowa\u0107 operacje, automatyzowa\u0107 procesy i zwi\u0119ksza\u0107 efektywno\u015b\u0107. Dla biur rachunkowych oferujemy dedykowane wdro\u017cenia enova365. U\u0142atwiaj\u0105 one zarz\u0105dzanie ksi\u0119gowo\u015bci\u0105, [&hellip;]\" \/>\n<meta property=\"og:url\" content=\"https:\/\/newforce.pl\/?page_id=1508\" \/>\n<meta property=\"og:site_name\" content=\"New Force\" \/>\n<meta property=\"article:modified_time\" content=\"2024-10-24T08:47:58+00:00\" \/>\n<meta property=\"og:image\" content=\"https:\/\/newforce.pl\/wp-content\/uploads\/2024\/08\/animation_pulse_Default_vpgoldk7u.gif\" \/>\n<meta name=\"twitter:card\" content=\"summary_large_image\" \/>\n<meta name=\"twitter:label1\" content=\"Szacowany czas czytania\" \/>\n\t<meta name=\"twitter:data1\" content=\"2 minuty\" \/>\n<script type=\"application\/ld+json\" class=\"yoast-schema-graph\">{\"@context\":\"https:\/\/schema.org\",\"@graph\":[{\"@type\":\"WebPage\",\"@id\":\"https:\/\/newforce.pl\/?page_id=1508\",\"url\":\"https:\/\/newforce.pl\/?page_id=1508\",\"name\":\"O nas - New Force\",\"isPartOf\":{\"@id\":\"https:\/\/newforce.pl\/#website\"},\"primaryImageOfPage\":{\"@id\":\"https:\/\/newforce.pl\/?page_id=1508#primaryimage\"},\"image\":{\"@id\":\"https:\/\/newforce.pl\/?page_id=1508#primaryimage\"},\"thumbnailUrl\":\"https:\/\/newforce.pl\/wp-content\/uploads\/2024\/08\/animation_pulse_Default_vpgoldk7u.gif\",\"datePublished\":\"2024-09-24T05:14:07+00:00\",\"dateModified\":\"2024-10-24T08:47:58+00:00\",\"breadcrumb\":{\"@id\":\"https:\/\/newforce.pl\/?page_id=1508#breadcrumb\"},\"inLanguage\":\"pl-PL\",\"potentialAction\":[{\"@type\":\"ReadAction\",\"target\":[\"https:\/\/newforce.pl\/?page_id=1508\"]}]},{\"@type\":\"ImageObject\",\"inLanguage\":\"pl-PL\",\"@id\":\"https:\/\/newforce.pl\/?page_id=1508#primaryimage\",\"url\":\"https:\/\/newforce.pl\/wp-content\/uploads\/2024\/08\/animation_pulse_Default_vpgoldk7u.gif\",\"contentUrl\":\"https:\/\/newforce.pl\/wp-content\/uploads\/2024\/08\/animation_pulse_Default_vpgoldk7u.gif\",\"width\":1024,\"height\":875},{\"@type\":\"BreadcrumbList\",\"@id\":\"https:\/\/newforce.pl\/?page_id=1508#breadcrumb\",\"itemListElement\":[{\"@type\":\"ListItem\",\"position\":1,\"name\":\"Strona g\u0142\u00f3wna\",\"item\":\"https:\/\/newforce.pl\/\"},{\"@type\":\"ListItem\",\"position\":2,\"name\":\"O nas\"}]},{\"@type\":\"WebSite\",\"@id\":\"https:\/\/newforce.pl\/#website\",\"url\":\"https:\/\/newforce.pl\/\",\"name\":\"New Force\",\"description\":\"Autoryzowany partner enova365\",\"publisher\":{\"@id\":\"https:\/\/newforce.pl\/#organization\"},\"potentialAction\":[{\"@type\":\"SearchAction\",\"target\":{\"@type\":\"EntryPoint\",\"urlTemplate\":\"https:\/\/newforce.pl\/?s={search_term_string}\"},\"query-input\":\"required name=search_term_string\"}],\"inLanguage\":\"pl-PL\"},{\"@type\":\"Organization\",\"@id\":\"https:\/\/newforce.pl\/#organization\",\"name\":\"New Force\",\"url\":\"https:\/\/newforce.pl\/\",\"logo\":{\"@type\":\"ImageObject\",\"inLanguage\":\"pl-PL\",\"@id\":\"https:\/\/newforce.pl\/#\/schema\/logo\/image\/\",\"url\":\"https:\/\/newforce.pl\/wp-content\/uploads\/2022\/10\/logo.svg\",\"contentUrl\":\"https:\/\/newforce.pl\/wp-content\/uploads\/2022\/10\/logo.svg\",\"width\":262,\"height\":54,\"caption\":\"New Force\"},\"image\":{\"@id\":\"https:\/\/newforce.pl\/#\/schema\/logo\/image\/\"}}]}<\/script>\n<!-- \/ Yoast SEO plugin. -->","yoast_head_json":{"title":"O nas - New Force","robots":{"index":"index","follow":"follow","max-snippet":"max-snippet:-1","max-image-preview":"max-image-preview:large","max-video-preview":"max-video-preview:-1"},"canonical":"https:\/\/newforce.pl\/?page_id=1508","og_locale":"pl_PL","og_type":"article","og_title":"O nas - New Force","og_description":"O nas New Force to firma, kt\u00f3ra wspiera cyfrow\u0105 transformacj\u0119 przedsi\u0119biorstw. Specjalizujemy si\u0119 w obs\u0142udze biur rachunkowych, oferuj\u0105c rozwi\u0105zania oparte na systemie enova365. Nasze us\u0142ugi s\u0105 r\u00f3wnie\u017c dost\u0119pne dla firm z innych bran\u017c. Dzi\u0119ki do\u015bwiadczeniu pomagamy klientom optymalizowa\u0107 operacje, automatyzowa\u0107 procesy i zwi\u0119ksza\u0107 efektywno\u015b\u0107. Dla biur rachunkowych oferujemy dedykowane wdro\u017cenia enova365. U\u0142atwiaj\u0105 one zarz\u0105dzanie ksi\u0119gowo\u015bci\u0105, [&hellip;]","og_url":"https:\/\/newforce.pl\/?page_id=1508","og_site_name":"New Force","article_modified_time":"2024-10-24T08:47:58+00:00","og_image":[{"url":"https:\/\/newforce.pl\/wp-content\/uploads\/2024\/08\/animation_pulse_Default_vpgoldk7u.gif"}],"twitter_card":"summary_large_image","twitter_misc":{"Szacowany czas czytania":"2 minuty"},"schema":{"@context":"https:\/\/schema.org","@graph":[{"@type":"WebPage","@id":"https:\/\/newforce.pl\/?page_id=1508","url":"https:\/\/newforce.pl\/?page_id=1508","name":"O nas - New Force","isPartOf":{"@id":"https:\/\/newforce.pl\/#website"},"primaryImageOfPage":{"@id":"https:\/\/newforce.pl\/?page_id=1508#primaryimage"},"image":{"@id":"https:\/\/newforce.pl\/?page_id=1508#primaryimage"},"thumbnailUrl":"https:\/\/newforce.pl\/wp-content\/uploads\/2024\/08\/animation_pulse_Default_vpgoldk7u.gif","datePublished":"2024-09-24T05:14:07+00:00","dateModified":"2024-10-24T08:47:58+00:00","breadcrumb":{"@id":"https:\/\/newforce.pl\/?page_id=1508#breadcrumb"},"inLanguage":"pl-PL","potentialAction":[{"@type":"ReadAction","target":["https:\/\/newforce.pl\/?page_id=1508"]}]},{"@type":"ImageObject","inLanguage":"pl-PL","@id":"https:\/\/newforce.pl\/?page_id=1508#primaryimage","url":"https:\/\/newforce.pl\/wp-content\/uploads\/2024\/08\/animation_pulse_Default_vpgoldk7u.gif","contentUrl":"https:\/\/newforce.pl\/wp-content\/uploads\/2024\/08\/animation_pulse_Default_vpgoldk7u.gif","width":1024,"height":875},{"@type":"BreadcrumbList","@id":"https:\/\/newforce.pl\/?page_id=1508#breadcrumb","itemListElement":[{"@type":"ListItem","position":1,"name":"Strona g\u0142\u00f3wna","item":"https:\/\/newforce.pl\/"},{"@type":"ListItem","position":2,"name":"O nas"}]},{"@type":"WebSite","@id":"https:\/\/newforce.pl\/#website","url":"https:\/\/newforce.pl\/","name":"New Force","description":"Autoryzowany partner enova365","publisher":{"@id":"https:\/\/newforce.pl\/#organization"},"potentialAction":[{"@type":"SearchAction","target":{"@type":"EntryPoint","urlTemplate":"https:\/\/newforce.pl\/?s={search_term_string}"},"query-input":"required name=search_term_string"}],"inLanguage":"pl-PL"},{"@type":"Organization","@id":"https:\/\/newforce.pl\/#organization","name":"New Force","url":"https:\/\/newforce.pl\/","logo":{"@type":"ImageObject","inLanguage":"pl-PL","@id":"https:\/\/newforce.pl\/#\/schema\/logo\/image\/","url":"https:\/\/newforce.pl\/wp-content\/uploads\/2022\/10\/logo.svg","contentUrl":"https:\/\/newforce.pl\/wp-content\/uploads\/2022\/10\/logo.svg","width":262,"height":54,"caption":"New Force"},"image":{"@id":"https:\/\/newforce.pl\/#\/schema\/logo\/image\/"}}]}},"_links":{"self":[{"href":"https:\/\/newforce.pl\/index.php?rest_route=\/wp\/v2\/pages\/1508","targetHints":{"allow":["GET"]}}],"collection":[{"href":"https:\/\/newforce.pl\/index.php?rest_route=\/wp\/v2\/pages"}],"about":[{"href":"https:\/\/newforce.pl\/index.php?rest_route=\/wp\/v2\/types\/page"}],"author":[{"embeddable":true,"href":"https:\/\/newforce.pl\/index.php?rest_route=\/wp\/v2\/users\/1"}],"replies":[{"embeddable":true,"href":"https:\/\/newforce.pl\/index.php?rest_route=%2Fwp%2Fv2%2Fcomments&post=1508"}],"version-history":[{"count":16,"href":"https:\/\/newforce.pl\/index.php?rest_route=\/wp\/v2\/pages\/1508\/revisions"}],"predecessor-version":[{"id":1638,"href":"https:\/\/newforce.pl\/index.php?rest_route=\/wp\/v2\/pages\/1508\/revisions\/1638"}],"wp:attachment":[{"href":"https:\/\/newforce.pl\/index.php?rest_route=%2Fwp%2Fv2%2Fmedia&parent=1508"}],"curies":[{"name":"wp","href":"https:\/\/api.w.org\/{rel}","templated":true}]}}